{"id":87765,"date":"2024-06-13T03:11:04","date_gmt":"2024-06-13T03:11:04","guid":{"rendered":"https:\/\/neuronalsoft.com\/index\/?page_id=87765"},"modified":"2024-06-26T00:11:50","modified_gmt":"2024-06-26T00:11:50","slug":"websites","status":"publish","type":"page","link":"https:\/\/neuronalsoft.com\/index\/websites\/","title":{"rendered":"Desarrollo de Sitios Web"},"content":{"rendered":"\t\t<div data-elementor-type=\"wp-page\" data-elementor-id=\"87765\" class=\"elementor elementor-87765\">\n\t\t\t\t\t\t<section class=\"default no-position defaults_shape  elementor-section elementor-top-section elementor-element elementor-element-8937881 elementor-section-boxed elementor-section-height-default elementor-section-height-default\" data-id=\"8937881\" data-element_type=\"section\" data-settings=\"{&quot;background_background&quot;:&quot;classic&quot;}\">\n\t\t\t\t\t\t\t<div class=\"elementor-background-overlay\"><\/div>\n\t\t\t\t\t\t\t<div class=\"elementor-container elementor-column-gap-default\">\n\t\t\t\t\t<div class=\"elementor-column elementor-col-100 elementor-top-column elementor-element elementor-element-cc18c9d\" data-id=\"cc18c9d\" data-element_type=\"column\">\n\t\t\t<div class=\"elementor-widget-wrap elementor-element-populated\">\n\t\t\t\t\t\t<div class=\"elementor-element elementor-element-ab33e3d elementor-widget elementor-widget-rs-heading\" data-id=\"ab33e3d\" data-element_type=\"widget\" data-widget_type=\"rs-heading.default\">\n\t\t\t\t<div class=\"elementor-widget-container\">\n\t\t\t\t\t\n        <div class=\"prelements-heading default animate- left normal_color  subnormal_color dots_no\">\n        \t<div class=\"title-inner\">      \t\t\n\t            <h2 class=\"title\"><span class=\"watermark\"><\/span>Sitios Web<\/h2>\t\t\t\t\n\t\t\t\t\t        <\/div>\n\t                <\/div>\n        \t\t\t\t<\/div>\n\t\t\t\t<\/div>\n\t\t\t\t\t<\/div>\n\t\t<\/div>\n\t\t\t\t\t<\/div>\n\t\t<\/section>\n\t\t\t\t<section class=\"default no-position defaults_shape  elementor-section elementor-top-section elementor-element elementor-element-b66c817 elementor-section-boxed elementor-section-height-default elementor-section-height-default\" data-id=\"b66c817\" data-element_type=\"section\">\n\t\t\t\t\t\t<div class=\"elementor-container elementor-column-gap-default\">\n\t\t\t\t\t<div class=\"elementor-column elementor-col-50 elementor-top-column elementor-element elementor-element-32af639\" data-id=\"32af639\" data-element_type=\"column\">\n\t\t\t<div class=\"elementor-widget-wrap elementor-element-populated\">\n\t\t\t\t\t\t<div class=\"elementor-element elementor-element-86b477f elementor-widget elementor-widget-rs-heading\" data-id=\"86b477f\" data-element_type=\"widget\" data-widget_type=\"rs-heading.default\">\n\t\t\t\t<div class=\"elementor-widget-container\">\n\t\t\t\t\t\n        <div class=\"prelements-heading default animate-  normal_color  subnormal_color dots_no\">\n        \t<div class=\"title-inner\">      \t\t\n\t            <h2 class=\"title\"><span class=\"watermark\"><\/span>Sitios Web<\/h2>\t\t\t\t\n\t\t\t\t\t        <\/div>\n\t                    \t<div class=\"description\">\n            \t\t            \t\t<p style=\"text-align: justify\">Como dijo Bill Gates, si tu negocio no est\u00e1 en internet, simplemente no existe. En NeuronalSoft, te ayudamos a asegurar tu presencia en l\u00ednea con p\u00e1ginas web profesionales y efectivas.<\/p>  \n            \t<\/div>\n        \t        <\/div>\n        \t\t\t\t<\/div>\n\t\t\t\t<\/div>\n\t\t\t\t<div class=\"elementor-element elementor-element-9b28841 elementor-widget elementor-widget-rs-heading\" data-id=\"9b28841\" data-element_type=\"widget\" data-widget_type=\"rs-heading.default\">\n\t\t\t\t<div class=\"elementor-widget-container\">\n\t\t\t\t\t\n        <div class=\"prelements-heading default animate-  normal_color  subnormal_color dots_no\">\n        \t<div class=\"title-inner\">      \t\t\n\t            \t\t\t\t\n\t\t\t\t\t        <\/div>\n\t                    \t<div class=\"description\">\n            \t\t            \t\t<p style=\"text-align: justify\">En NeuronalSoft, creamos p\u00e1ginas web que no solo destacan por su dise\u00f1o, sino tambi\u00e9n por su funcionalidad y capacidad para cumplir con tus objetivos empresariales. Ya sea que necesites una p\u00e1gina web corporativa, comercial, landing page, promocional o para eventos, nuestro equipo de expertos est\u00e1 aqu\u00ed para ayudarte. Con m\u00e1s de 11 a\u00f1os de experiencia y proyectos exitosos en m\u00faltiples pa\u00edses, somos tu socio ideal para desarrollar una presencia web impactante<\/p>  \n            \t<\/div>\n        \t        <\/div>\n        \t\t\t\t<\/div>\n\t\t\t\t<\/div>\n\t\t\t\t<div class=\"elementor-element elementor-element-5802815 elementor-widget elementor-widget-rs-image\" data-id=\"5802815\" data-element_type=\"widget\" data-widget_type=\"rs-image.default\">\n\t\t\t\t<div class=\"elementor-widget-container\">\n\t\t\t\t\t\n        <div class=\"rs-image no\">\n                                                <img decoding=\"async\" class=\"rs-multi-image  reverse- blend_unset\" src=\"https:\/\/neuronalsoft.com\/index\/wp-content\/uploads\/2024\/06\/business-deadline-technology-concept-coworkers-with-computer-takeout-food-coffee-working-late-night-office-1-scaled.jpg\" alt=\"image\"\/>\n                                                                        <\/div>   \n          \n    \t\t\t\t<\/div>\n\t\t\t\t<\/div>\n\t\t\t\t<div class=\"elementor-element elementor-element-98bb34e elementor-widget elementor-widget-rs-heading\" data-id=\"98bb34e\" data-element_type=\"widget\" data-widget_type=\"rs-heading.default\">\n\t\t\t\t<div class=\"elementor-widget-container\">\n\t\t\t\t\t\n        <div class=\"prelements-heading default animate-  normal_color  subnormal_color dots_no\">\n        \t<div class=\"title-inner\">      \t\t\n\t            <h3 class=\"title\"><span class=\"watermark\"><\/span>Servicios Ofrecidos<\/h3>\t\t\t\t\n\t\t\t\t\t        <\/div>\n\t                <\/div>\n        \t\t\t\t<\/div>\n\t\t\t\t<\/div>\n\t\t\t\t<section class=\"default no-position defaults_shape  elementor-section elementor-inner-section elementor-element elementor-element-34209dc elementor-section-boxed elementor-section-height-default elementor-section-height-default\" data-id=\"34209dc\" data-element_type=\"section\">\n\t\t\t\t\t\t<div class=\"elementor-container elementor-column-gap-default\">\n\t\t\t\t\t<div class=\"elementor-column elementor-col-50 elementor-inner-column elementor-element elementor-element-f4c75df\" data-id=\"f4c75df\" data-element_type=\"column\">\n\t\t\t<div class=\"elementor-widget-wrap elementor-element-populated\">\n\t\t\t\t\t\t<div class=\"elementor-element elementor-element-a1ebd64 elementor-widget elementor-widget-rsfeatureslist\" data-id=\"a1ebd64\" data-element_type=\"widget\" data-widget_type=\"rsfeatureslist.default\">\n\t\t\t\t<div class=\"elementor-widget-container\">\n\t\t\t\t\t \n\n        <div class=\"rs-features-list-content top-image \">\n\n\n            \n            <div class=\"feature-content\">\n                                 \n                \n                                    <ul class=\"rs-features-list\">\n                                                    <li class=\"elementor-repeater-item-d9ef401\">\n\n                                                                    <i class=\"fa fa-check-circle\"><\/i>\n                                \n                                \n                                <span class=\"rs-feature-text\">P\u00e1ginas Web Corporativas<\/span>\n                                \n                              \n        \n                            <\/li>\n                                                    <li class=\"elementor-repeater-item-2cf87fb\">\n\n                                                                    <i class=\"fa fa-check-circle\"><\/i>\n                                \n                                \n                                <span class=\"rs-feature-text\">P\u00e1ginas Web Comerciales<\/span>\n                                \n                              \n        \n                            <\/li>\n                                                    <li class=\"elementor-repeater-item-382eb5a\">\n\n                                                                    <i class=\"fa fa-check-circle\"><\/i>\n                                \n                                \n                                <span class=\"rs-feature-text\">Landing Pages<\/span>\n                                \n                              \n        \n                            <\/li>\n                                            <\/ul>\n                            <\/div>  \n\n        <\/div>\n        \t\t\t\t<\/div>\n\t\t\t\t<\/div>\n\t\t\t\t\t<\/div>\n\t\t<\/div>\n\t\t\t\t<div class=\"elementor-column elementor-col-50 elementor-inner-column elementor-element elementor-element-aee6cb3\" data-id=\"aee6cb3\" data-element_type=\"column\">\n\t\t\t<div class=\"elementor-widget-wrap elementor-element-populated\">\n\t\t\t\t\t\t<div class=\"elementor-element elementor-element-ce7993b elementor-widget elementor-widget-rsfeatureslist\" data-id=\"ce7993b\" data-element_type=\"widget\" data-widget_type=\"rsfeatureslist.default\">\n\t\t\t\t<div class=\"elementor-widget-container\">\n\t\t\t\t\t \n\n        <div class=\"rs-features-list-content top-image \">\n\n\n            \n            <div class=\"feature-content\">\n                                 \n                \n                                    <ul class=\"rs-features-list\">\n                                                    <li class=\"elementor-repeater-item-d9ef401\">\n\n                                                                    <i class=\"fa fa-check-circle\"><\/i>\n                                \n                                \n                                <span class=\"rs-feature-text\">P\u00e1ginas Promocionales<\/span>\n                                \n                              \n        \n                            <\/li>\n                                                    <li class=\"elementor-repeater-item-2cf87fb\">\n\n                                                                    <i class=\"fa fa-check-circle\"><\/i>\n                                \n                                \n                                <span class=\"rs-feature-text\">P\u00e1ginas para Eventos<\/span>\n                                \n                              \n        \n                            <\/li>\n                                                    <li class=\"elementor-repeater-item-382eb5a\">\n\n                                                                    <i class=\"fa fa-check-circle\"><\/i>\n                                \n                                \n                                <span class=\"rs-feature-text\">Dise\u00f1o y UX\/UI Personalizados<\/span>\n                                \n                              \n        \n                            <\/li>\n                                            <\/ul>\n                            <\/div>  \n\n        <\/div>\n        \t\t\t\t<\/div>\n\t\t\t\t<\/div>\n\t\t\t\t\t<\/div>\n\t\t<\/div>\n\t\t\t\t\t<\/div>\n\t\t<\/section>\n\t\t\t\t<div class=\"elementor-element elementor-element-2666615 elementor-widget elementor-widget-text-editor\" data-id=\"2666615\" data-element_type=\"widget\" data-widget_type=\"text-editor.default\">\n\t\t\t\t<div class=\"elementor-widget-container\">\n\t\t\t\t\t\t\t\t\t<p>Transforma tu presencia en l\u00ednea con NeuronalSoft. \u00a1Cont\u00e1ctanos hoy para una consulta gratuita y descubre c\u00f3mo podemos ayudarte a desarrollar una p\u00e1gina web que marque la diferencia!<\/p>\t\t\t\t\t\t\t\t<\/div>\n\t\t\t\t<\/div>\n\t\t\t\t\t<\/div>\n\t\t<\/div>\n\t\t\t\t<div class=\"elementor-column elementor-col-50 elementor-top-column elementor-element elementor-element-26ffd49\" data-id=\"26ffd49\" data-element_type=\"column\">\n\t\t\t<div class=\"elementor-widget-wrap elementor-element-populated\">\n\t\t\t\t\t\t<section class=\"default no-position defaults_shape  elementor-section elementor-inner-section elementor-element elementor-element-d83ef6b elementor-section-boxed elementor-section-height-default elementor-section-height-default\" data-id=\"d83ef6b\" data-element_type=\"section\" data-settings=\"{&quot;background_background&quot;:&quot;classic&quot;}\">\n\t\t\t\t\t\t<div class=\"elementor-container elementor-column-gap-default\">\n\t\t\t\t\t<div class=\"elementor-column elementor-col-100 elementor-inner-column elementor-element elementor-element-c1cba76\" data-id=\"c1cba76\" data-element_type=\"column\">\n\t\t\t<div class=\"elementor-widget-wrap elementor-element-populated\">\n\t\t\t\t\t\t<div class=\"elementor-element elementor-element-6aabb0e elementor-widget elementor-widget-rs-heading\" data-id=\"6aabb0e\" data-element_type=\"widget\" data-widget_type=\"rs-heading.default\">\n\t\t\t\t<div class=\"elementor-widget-container\">\n\t\t\t\t\t\n        <div class=\"prelements-heading style12 animate-  normal_color  subnormal_color dots_yes\">\n        \t<div class=\"title-inner\">      \t\t\n\t            <h2 class=\"title\"><span class=\"watermark\"><\/span>Nuestros Servicios<\/h2>\t\t\t\t\n\t\t\t\t\t        <\/div>\n\t                <\/div>\n        \t\t\t\t<\/div>\n\t\t\t\t<\/div>\n\t\t\t\t<div class=\"elementor-element elementor-element-394e552 hfe-nav-menu__breakpoint-none hfe-nav-menu__align-left hfe-submenu-icon-arrow hfe-submenu-animation-none hfe-link-redirect-child elementor-widget elementor-widget-navigation-menu\" data-id=\"394e552\" data-element_type=\"widget\" data-settings=\"{&quot;padding_horizontal_menu_item&quot;:{&quot;unit&quot;:&quot;px&quot;,&quot;top&quot;:&quot;14&quot;,&quot;right&quot;:&quot;20&quot;,&quot;bottom&quot;:&quot;14&quot;,&quot;left&quot;:&quot;20&quot;,&quot;isLinked&quot;:false},&quot;menu_row_space&quot;:{&quot;unit&quot;:&quot;px&quot;,&quot;size&quot;:12,&quot;sizes&quot;:[]},&quot;main_menu_border_radius&quot;:{&quot;unit&quot;:&quot;px&quot;,&quot;top&quot;:&quot;5&quot;,&quot;right&quot;:&quot;5&quot;,&quot;bottom&quot;:&quot;5&quot;,&quot;left&quot;:&quot;5&quot;,&quot;isLinked&quot;:true},&quot;main_menu_hover_border_radius&quot;:{&quot;unit&quot;:&quot;px&quot;,&quot;top&quot;:&quot;7&quot;,&quot;right&quot;:&quot;7&quot;,&quot;bottom&quot;:&quot;7&quot;,&quot;left&quot;:&quot;7&quot;,&quot;isLinked&quot;:true},&quot;location_area_padding&quot;:{&quot;unit&quot;:&quot;px&quot;,&quot;top&quot;:&quot;&quot;,&quot;right&quot;:&quot;&quot;,&quot;bottom&quot;:&quot;&quot;,&quot;left&quot;:&quot;&quot;,&quot;isLinked&quot;:true},&quot;location_area_padding_tablet&quot;:{&quot;unit&quot;:&quot;px&quot;,&quot;top&quot;:&quot;&quot;,&quot;right&quot;:&quot;&quot;,&quot;bottom&quot;:&quot;&quot;,&quot;left&quot;:&quot;&quot;,&quot;isLinked&quot;:true},&quot;location_area_padding_mobile&quot;:{&quot;unit&quot;:&quot;px&quot;,&quot;top&quot;:&quot;&quot;,&quot;right&quot;:&quot;&quot;,&quot;bottom&quot;:&quot;&quot;,&quot;left&quot;:&quot;&quot;,&quot;isLinked&quot;:true},&quot;padding_horizontal_menu_item_tablet&quot;:{&quot;unit&quot;:&quot;px&quot;,&quot;top&quot;:&quot;&quot;,&quot;right&quot;:&quot;&quot;,&quot;bottom&quot;:&quot;&quot;,&quot;left&quot;:&quot;&quot;,&quot;isLinked&quot;:true},&quot;padding_horizontal_menu_item_mobile&quot;:{&quot;unit&quot;:&quot;px&quot;,&quot;top&quot;:&quot;&quot;,&quot;right&quot;:&quot;&quot;,&quot;bottom&quot;:&quot;&quot;,&quot;left&quot;:&quot;&quot;,&quot;isLinked&quot;:true},&quot;menu_row_space_tablet&quot;:{&quot;unit&quot;:&quot;px&quot;,&quot;size&quot;:&quot;&quot;,&quot;sizes&quot;:[]},&quot;menu_row_space_mobile&quot;:{&quot;unit&quot;:&quot;px&quot;,&quot;size&quot;:&quot;&quot;,&quot;sizes&quot;:[]},&quot;main_menu_border_radius_tablet&quot;:{&quot;unit&quot;:&quot;px&quot;,&quot;top&quot;:&quot;&quot;,&quot;right&quot;:&quot;&quot;,&quot;bottom&quot;:&quot;&quot;,&quot;left&quot;:&quot;&quot;,&quot;isLinked&quot;:true},&quot;main_menu_border_radius_mobile&quot;:{&quot;unit&quot;:&quot;px&quot;,&quot;top&quot;:&quot;&quot;,&quot;right&quot;:&quot;&quot;,&quot;bottom&quot;:&quot;&quot;,&quot;left&quot;:&quot;&quot;,&quot;isLinked&quot;:true},&quot;main_menu_hover_border_radius_tablet&quot;:{&quot;unit&quot;:&quot;px&quot;,&quot;top&quot;:&quot;&quot;,&quot;right&quot;:&quot;&quot;,&quot;bottom&quot;:&quot;&quot;,&quot;left&quot;:&quot;&quot;,&quot;isLinked&quot;:true},&quot;main_menu_hover_border_radius_mobile&quot;:{&quot;unit&quot;:&quot;px&quot;,&quot;top&quot;:&quot;&quot;,&quot;right&quot;:&quot;&quot;,&quot;bottom&quot;:&quot;&quot;,&quot;left&quot;:&quot;&quot;,&quot;isLinked&quot;:true},&quot;dropdown_border_radius&quot;:{&quot;unit&quot;:&quot;px&quot;,&quot;top&quot;:&quot;&quot;,&quot;right&quot;:&quot;&quot;,&quot;bottom&quot;:&quot;&quot;,&quot;left&quot;:&quot;&quot;,&quot;isLinked&quot;:true},&quot;dropdown_border_radius_tablet&quot;:{&quot;unit&quot;:&quot;px&quot;,&quot;top&quot;:&quot;&quot;,&quot;right&quot;:&quot;&quot;,&quot;bottom&quot;:&quot;&quot;,&quot;left&quot;:&quot;&quot;,&quot;isLinked&quot;:true},&quot;dropdown_border_radius_mobile&quot;:{&quot;unit&quot;:&quot;px&quot;,&quot;top&quot;:&quot;&quot;,&quot;right&quot;:&quot;&quot;,&quot;bottom&quot;:&quot;&quot;,&quot;left&quot;:&quot;&quot;,&quot;isLinked&quot;:true},&quot;width_dropdown_item&quot;:{&quot;unit&quot;:&quot;px&quot;,&quot;size&quot;:&quot;220&quot;,&quot;sizes&quot;:[]},&quot;width_dropdown_item_tablet&quot;:{&quot;unit&quot;:&quot;px&quot;,&quot;size&quot;:&quot;&quot;,&quot;sizes&quot;:[]},&quot;width_dropdown_item_mobile&quot;:{&quot;unit&quot;:&quot;px&quot;,&quot;size&quot;:&quot;&quot;,&quot;sizes&quot;:[]},&quot;padding_horizontal_dropdown_item&quot;:{&quot;unit&quot;:&quot;px&quot;,&quot;size&quot;:&quot;&quot;,&quot;sizes&quot;:[]},&quot;padding_horizontal_dropdown_item_tablet&quot;:{&quot;unit&quot;:&quot;px&quot;,&quot;size&quot;:&quot;&quot;,&quot;sizes&quot;:[]},&quot;padding_horizontal_dropdown_item_mobile&quot;:{&quot;unit&quot;:&quot;px&quot;,&quot;size&quot;:&quot;&quot;,&quot;sizes&quot;:[]},&quot;padding_vertical_dropdown_item&quot;:{&quot;unit&quot;:&quot;px&quot;,&quot;size&quot;:15,&quot;sizes&quot;:[]},&quot;padding_vertical_dropdown_item_tablet&quot;:{&quot;unit&quot;:&quot;px&quot;,&quot;size&quot;:&quot;&quot;,&quot;sizes&quot;:[]},&quot;padding_vertical_dropdown_item_mobile&quot;:{&quot;unit&quot;:&quot;px&quot;,&quot;size&quot;:&quot;&quot;,&quot;sizes&quot;:[]},&quot;distance_from_menu&quot;:{&quot;unit&quot;:&quot;px&quot;,&quot;size&quot;:&quot;&quot;,&quot;sizes&quot;:[]},&quot;distance_from_menu_tablet&quot;:{&quot;unit&quot;:&quot;px&quot;,&quot;size&quot;:&quot;&quot;,&quot;sizes&quot;:[]},&quot;distance_from_menu_mobile&quot;:{&quot;unit&quot;:&quot;px&quot;,&quot;size&quot;:&quot;&quot;,&quot;sizes&quot;:[]},&quot;toggle_size&quot;:{&quot;unit&quot;:&quot;px&quot;,&quot;size&quot;:&quot;&quot;,&quot;sizes&quot;:[]},&quot;toggle_size_tablet&quot;:{&quot;unit&quot;:&quot;px&quot;,&quot;size&quot;:&quot;&quot;,&quot;sizes&quot;:[]},&quot;toggle_size_mobile&quot;:{&quot;unit&quot;:&quot;px&quot;,&quot;size&quot;:&quot;&quot;,&quot;sizes&quot;:[]},&quot;toggle_border_width&quot;:{&quot;unit&quot;:&quot;px&quot;,&quot;size&quot;:&quot;&quot;,&quot;sizes&quot;:[]},&quot;toggle_border_width_tablet&quot;:{&quot;unit&quot;:&quot;px&quot;,&quot;size&quot;:&quot;&quot;,&quot;sizes&quot;:[]},&quot;toggle_border_width_mobile&quot;:{&quot;unit&quot;:&quot;px&quot;,&quot;size&quot;:&quot;&quot;,&quot;sizes&quot;:[]},&quot;toggle_border_radius&quot;:{&quot;unit&quot;:&quot;px&quot;,&quot;size&quot;:&quot;&quot;,&quot;sizes&quot;:[]},&quot;toggle_border_radius_tablet&quot;:{&quot;unit&quot;:&quot;px&quot;,&quot;size&quot;:&quot;&quot;,&quot;sizes&quot;:[]},&quot;toggle_border_radius_mobile&quot;:{&quot;unit&quot;:&quot;px&quot;,&quot;size&quot;:&quot;&quot;,&quot;sizes&quot;:[]}}\" data-widget_type=\"navigation-menu.default\">\n\t\t\t\t<div class=\"elementor-widget-container\">\n\t\t\t\t\t\t\t\t<div class=\"hfe-nav-menu hfe-layout-horizontal hfe-nav-menu-layout mega_columns1 horizontal hfe-pointer__none\" data-layout=\"horizontal\">\n\t\t\t\t<div class=\"hfe-nav-menu__toggle elementor-clickable\">\n\t\t\t\t\t<div class=\"hfe-nav-menu-icon\">\n\t\t\t\t\t\t\t\t\t\t\t<\/div>\n\t\t\t\t<\/div>\n\t\t\t\t<nav class=\"hfe-nav-menu__layout-horizontal hfe-nav-menu__submenu-arrow no-separator right-arrow\" data-toggle-icon=\"\" data-close-icon=\"\" data-full-width=\"\">\n\t\t\t\t\t<ul id=\"menu-1-394e552\" class=\"hfe-nav-menu\"><li id=\"menu-item-88366\" class=\"menu-item menu-item-type-post_type menu-item-object-page parent hfe-creative-menu\"><a href=\"https:\/\/neuronalsoft.com\/index\/consultoriait\/\" class = \"hfe-menu-item\">Consultor\u00eda Tecnol\u00f3gica<\/a><\/li>\n<li id=\"menu-item-88367\" class=\"menu-item menu-item-type-post_type menu-item-object-page parent hfe-creative-menu\"><a href=\"https:\/\/neuronalsoft.com\/index\/digitalbusiness\/\" class = \"hfe-menu-item\">Negocios Digitales<\/a><\/li>\n<li id=\"menu-item-88368\" class=\"menu-item menu-item-type-post_type menu-item-object-page parent hfe-creative-menu\"><a href=\"https:\/\/neuronalsoft.com\/index\/digitalmarketing\/\" class = \"hfe-menu-item\">Marketing Digital<\/a><\/li>\n<li id=\"menu-item-88369\" class=\"menu-item menu-item-type-post_type menu-item-object-page parent hfe-creative-menu\"><a href=\"https:\/\/neuronalsoft.com\/index\/ecommerceb2b\/\" class = \"hfe-menu-item\">Ecommerce B2B<\/a><\/li>\n<li id=\"menu-item-88370\" class=\"menu-item menu-item-type-post_type menu-item-object-page parent hfe-creative-menu\"><a href=\"https:\/\/neuronalsoft.com\/index\/ecommerceb2c\/\" class = \"hfe-menu-item\">Ecommerce B2C<\/a><\/li>\n<li id=\"menu-item-88371\" class=\"menu-item menu-item-type-post_type menu-item-object-page parent hfe-creative-menu\"><a href=\"https:\/\/neuronalsoft.com\/index\/businesssoftware\/\" class = \"hfe-menu-item\">Software Empresarial<\/a><\/li>\n<li id=\"menu-item-88372\" class=\"menu-item menu-item-type-post_type menu-item-object-page parent hfe-creative-menu\"><a href=\"https:\/\/neuronalsoft.com\/index\/mobileapps\/\" class = \"hfe-menu-item\">Desarrollo de Aplicaciones M\u00f3viles<\/a><\/li>\n<li id=\"menu-item-88373\" class=\"menu-item menu-item-type-post_type menu-item-object-page parent hfe-creative-menu\"><a href=\"https:\/\/neuronalsoft.com\/index\/websites\/\" class = \"hfe-menu-item\">Desarrollo de Sitios Web<\/a><\/li>\n<\/ul>\t\t\t\t<\/nav>              \n\t\t\t<\/div>\n\n\t\t\t\t\t\t\t<\/div>\n\t\t\t\t<\/div>\n\t\t\t\t\t<\/div>\n\t\t<\/div>\n\t\t\t\t\t<\/div>\n\t\t<\/section>\n\t\t\t\t<section class=\"default no-position defaults_shape  elementor-section elementor-inner-section elementor-element elementor-element-abc8467 elementor-section-boxed elementor-section-height-default elementor-section-height-default\" data-id=\"abc8467\" data-element_type=\"section\" data-settings=\"{&quot;background_background&quot;:&quot;classic&quot;}\">\n\t\t\t\t\t\t<div class=\"elementor-container elementor-column-gap-default\">\n\t\t\t\t\t<div class=\"elementor-column elementor-col-100 elementor-inner-column elementor-element elementor-element-ba65f97\" data-id=\"ba65f97\" data-element_type=\"column\">\n\t\t\t<div class=\"elementor-widget-wrap elementor-element-populated\">\n\t\t\t\t\t\t<div class=\"elementor-element elementor-element-335f524 elementor-widget elementor-widget-rs-heading\" data-id=\"335f524\" data-element_type=\"widget\" data-widget_type=\"rs-heading.default\">\n\t\t\t\t<div class=\"elementor-widget-container\">\n\t\t\t\t\t\n        <div class=\"prelements-heading default animate- left normal_color  subnormal_color dots_no\">\n        \t<div class=\"title-inner\">      \t\t\n\t            <h3 class=\"title\"><span class=\"watermark\"><\/span>Conversemos<\/h3>\t\t\t\t\n\t\t\t\t\t        <\/div>\n\t                    \t<div class=\"description\">\n            \t\t            \t\t<p>Ser\u00e1 un placer atenderles<\/p>  \n            \t<\/div>\n        \t        <\/div>\n        \t\t\t\t<\/div>\n\t\t\t\t<\/div>\n\t\t\t\t<div class=\"elementor-element elementor-element-df6304a elementor-widget__width-auto elementor-widget elementor-widget-rs-button\" data-id=\"df6304a\" data-element_type=\"widget\" data-widget_type=\"rs-button.default\">\n\t\t\t\t<div class=\"elementor-widget-container\">\n\t\t\t\t\t\r\n\t\t\r\n\t\t\t\t\t<div class=\"rs-btn style6 normal_color\">\r\n\t\t\t\t\t\t\t\t<a class=\"rs_button popup-none\" href=\"\/index\/contact-us\/\" >\r\n\r\n\r\n\t\t\t\t\t\r\n\r\n\t\t\t\t\t<span class=\"btn_text\">\r\n\t\t\t\t\t\tCont\u00e1ctenos\t\t\t\t\t<\/span>\r\n\r\n\t\t\t\t\t\t\t\t\t\t\t\t\t\t\t\t\t\t<svg xmlns=\"http:\/\/www.w3.org\/2000\/svg\" width=\"10\" height=\"10\" viewBox=\"0 0 10 10\" fill=\"none\"><path d=\"M8.33624 2.84003L1.17627 10L0 8.82373L7.15914 1.66376H0.849347V0H10V9.15065H8.33624V2.84003Z\" fill=\"#1A73E9\"><\/path><\/svg>\t\t\t\t\t\t\t\t\t\t\t\r\n\r\n\r\n\t\t\t\t\t\t\t\t\t<\/a>\r\n\t\t\t<\/div> \r\n\t\t\r\n\t\t   \r\n\t\t\t\t\t<\/div>\n\t\t\t\t<\/div>\n\t\t\t\t\t<\/div>\n\t\t<\/div>\n\t\t\t\t\t<\/div>\n\t\t<\/section>\n\t\t\t\t\t<\/div>\n\t\t<\/div>\n\t\t\t\t\t<\/div>\n\t\t<\/section>\n\t\t\t\t<\/div>\n\t\t","protected":false},"excerpt":{"rendered":"<p>Sitios Web Sitios Web Como dijo Bill Gates, si tu negocio no est\u00e1 en internet, simplemente no existe. En NeuronalSoft, te ayudamos a asegurar tu presencia en l\u00ednea con p\u00e1ginas web profesionales y efectivas. En NeuronalSoft, creamos p\u00e1ginas web que no solo destacan por su dise\u00f1o, sino tambi\u00e9n por su funcionalidad y capacidad para cumplir&#8230;<\/p>\n","protected":false},"author":1,"featured_media":0,"parent":0,"menu_order":0,"comment_status":"closed","ping_status":"closed","template":"elementor_header_footer","meta":{"om_disable_all_campaigns":false,"_monsterinsights_skip_tracking":false,"_monsterinsights_sitenote_active":false,"_monsterinsights_sitenote_note":"","_monsterinsights_sitenote_category":0,"_uf_show_specific_survey":0,"_uf_disable_surveys":false,"footnotes":""},"class_list":["post-87765","page","type-page","status-publish","hentry"],"aioseo_notices":[],"_links":{"self":[{"href":"https:\/\/neuronalsoft.com\/index\/wp-json\/wp\/v2\/pages\/87765","targetHints":{"allow":["GET"]}}],"collection":[{"href":"https:\/\/neuronalsoft.com\/index\/wp-json\/wp\/v2\/pages"}],"about":[{"href":"https:\/\/neuronalsoft.com\/index\/wp-json\/wp\/v2\/types\/page"}],"author":[{"embeddable":true,"href":"https:\/\/neuronalsoft.com\/index\/wp-json\/wp\/v2\/users\/1"}],"replies":[{"embeddable":true,"href":"https:\/\/neuronalsoft.com\/index\/wp-json\/wp\/v2\/comments?post=87765"}],"version-history":[{"count":0,"href":"https:\/\/neuronalsoft.com\/index\/wp-json\/wp\/v2\/pages\/87765\/revisions"}],"wp:attachment":[{"href":"https:\/\/neuronalsoft.com\/index\/wp-json\/wp\/v2\/media?parent=87765"}],"curies":[{"name":"wp","href":"https:\/\/api.w.org\/{rel}","templated":true}]}}